{"id":1449,"date":"2017-05-31T06:59:25","date_gmt":"2017-05-31T04:59:25","guid":{"rendered":"http:\/\/www.tracciati.eu\/tracciatieditore\/?post_type=product&#038;p=1449"},"modified":"2024-11-16T19:24:00","modified_gmt":"2024-11-16T18:24:00","slug":"padova-al-di-la-dalle-mura","status":"publish","type":"product","link":"https:\/\/shop.tracciatieditore.it\/index.php\/prodotto\/padova-al-di-la-dalle-mura\/","title":{"rendered":"Padova al di l\u00e0 dalle mura"},"content":{"rendered":"<p>La periferia di Padova \u00e8 poco conosciuta dagli stessi padovani. Vi abita per\u00f2 la maggioranza dei cittadini, sono sobborghi vivi: non sono solo case e cemento, hanno una loro storia, spesso recente ma a volte anche lontana nel tempo. All\u2019origine di questa breve guida c\u2019\u00e8 la curiosit\u00e0 di saperne di pi\u00f9, delle loro origini e di come si \u00e8 ingrandita la citt\u00e0 nell\u2019ultimo secolo. Conoscere i quartieri esterni alle mura \u2013 o i rioni, termine che d\u00e0 un maggiore senso di comunit\u00e0 \u2013 aiuta a orientarsi nella realt\u00e0 attuale, dal traffico alle chiese, dai canali ai parchi ai tracciati, a volte contorti, delle strade\u2026<\/p>\n<p>\u00abPadova oltre le mura\u00bb, primo volumetto della collana tascabile Tracciati padovani, non \u00e8 una vera guida: \u00e8 un breve percorso, quasi un indice, che ha la sola ambizione di incuriosire. \u00c8 un invito ad approfondire e a guardare con occhi diversi a ci\u00f2 che esiste attorno alle mura della citt\u00e0: edifici antichi o moderni, parchi, luoghi storici e poco noti.<\/p>\n<p><strong>AGGIORNAMENTI ON LINE<\/strong>: in questa\u00a0<a href=\"http:\/\/www.tracciati.eu\/index.php\/padova-al-di-la-delle-mura-aggiornamenti-on-line\">pagina<\/a>\u00a0potete trovare notizie e aggiornamenti\u00a0di questa guida!<\/p>\n<p><a title=\"Emanuele Cenghiaro\" href=\"http:\/\/www.tracciati.eu\/?p=65\">Scheda dell\u2019autore<\/a><\/p>\n","protected":false},"excerpt":{"rendered":"<p>di Emanuele Cenghiaro<\/p>\n","protected":false},"featured_media":1227,"comment_status":"open","ping_status":"closed","template":"","meta":[],"product_brand":[],"product_cat":[164,247],"product_tag":[129,136],"class_list":{"0":"post-1449","1":"product","2":"type-product","3":"status-publish","4":"has-post-thumbnail","6":"product_cat-catalogo","7":"product_cat-territorioturismo","8":"product_tag-guida","9":"product_tag-padova","10":"archive-loop-container","12":"first","13":"instock","14":"sale","15":"shipping-taxable","16":"purchasable","17":"product-type-simple"},"_links":{"self":[{"href":"https:\/\/shop.tracciatieditore.it\/index.php\/wp-json\/wp\/v2\/product\/1449","targetHints":{"allow":["GET"]}}],"collection":[{"href":"https:\/\/shop.tracciatieditore.it\/index.php\/wp-json\/wp\/v2\/product"}],"about":[{"href":"https:\/\/shop.tracciatieditore.it\/index.php\/wp-json\/wp\/v2\/types\/product"}],"replies":[{"embeddable":true,"href":"https:\/\/shop.tracciatieditore.it\/index.php\/wp-json\/wp\/v2\/comments?post=1449"}],"wp:featuredmedia":[{"embeddable":true,"href":"https:\/\/shop.tracciatieditore.it\/index.php\/wp-json\/wp\/v2\/media\/1227"}],"wp:attachment":[{"href":"https:\/\/shop.tracciatieditore.it\/index.php\/wp-json\/wp\/v2\/media?parent=1449"}],"wp:term":[{"taxonomy":"product_brand","embeddable":true,"href":"https:\/\/shop.tracciatieditore.it\/index.php\/wp-json\/wp\/v2\/product_brand?post=1449"},{"taxonomy":"product_cat","embeddable":true,"href":"https:\/\/shop.tracciatieditore.it\/index.php\/wp-json\/wp\/v2\/product_cat?post=1449"},{"taxonomy":"product_tag","embeddable":true,"href":"https:\/\/shop.tracciatieditore.it\/index.php\/wp-json\/wp\/v2\/product_tag?post=1449"}],"curies":[{"name":"wp","href":"https:\/\/api.w.org\/{rel}","templated":true}]}}