{"id":1592,"date":"2017-12-18T19:00:43","date_gmt":"2017-12-18T18:00:43","guid":{"rendered":"http:\/\/www.tracciati.eu\/tracciatieditore\/?post_type=product&#038;p=1592"},"modified":"2024-11-16T19:22:55","modified_gmt":"2024-11-16T18:22:55","slug":"endaiin","status":"publish","type":"product","link":"https:\/\/shop.tracciatieditore.it\/index.php\/prodotto\/endaiin\/","title":{"rendered":"Endaiin"},"content":{"rendered":"<p>All\u2019alba di una fredda mattina di primavera, un cavaliere si affaccia al valico di Gherdelin. Viene per scongiurare una guerra, ma oscure trame e l\u2019ombra di un antico tradimento pesano sull\u2019esito della sua missione.<\/p>\n<p>Nello scenario di una natura maestosa in cui si muovono nemici oscuri e poteri misteriosi, guerrieri e Veggenti, il cavaliere metter\u00e0 a rischio ogni cosa per mantenere una fragile pace che gli diverr\u00e0 ancor pi\u00f9 cara quando, proprio tra coloro che dovrebbero essergli ostili, scoprir\u00e0 le sue radici e la sua identit\u00e0\u2026<\/p>\n<p>Una storia ambientata in un mondo fantastico ma straordinariamente attuale. Da leggere tutta d&#8217;un fiato.<\/p>\n<p><em>Tracciati editore, 576 pag.<\/em><\/p>\n","protected":false},"excerpt":{"rendered":"<p><strong>di Viviana Zanella<\/strong><\/p>\n","protected":false},"featured_media":1588,"comment_status":"open","ping_status":"closed","template":"","meta":[],"product_brand":[],"product_cat":[164,249],"product_tag":[165],"class_list":{"0":"post-1592","1":"product","2":"type-product","3":"status-publish","4":"has-post-thumbnail","6":"product_cat-catalogo","7":"product_cat-romanzi-racconti","8":"product_tag-viviana-zanella","9":"archive-loop-container","11":"first","12":"instock","13":"shipping-taxable","14":"purchasable","15":"product-type-simple"},"_links":{"self":[{"href":"https:\/\/shop.tracciatieditore.it\/index.php\/wp-json\/wp\/v2\/product\/1592","targetHints":{"allow":["GET"]}}],"collection":[{"href":"https:\/\/shop.tracciatieditore.it\/index.php\/wp-json\/wp\/v2\/product"}],"about":[{"href":"https:\/\/shop.tracciatieditore.it\/index.php\/wp-json\/wp\/v2\/types\/product"}],"replies":[{"embeddable":true,"href":"https:\/\/shop.tracciatieditore.it\/index.php\/wp-json\/wp\/v2\/comments?post=1592"}],"wp:featuredmedia":[{"embeddable":true,"href":"https:\/\/shop.tracciatieditore.it\/index.php\/wp-json\/wp\/v2\/media\/1588"}],"wp:attachment":[{"href":"https:\/\/shop.tracciatieditore.it\/index.php\/wp-json\/wp\/v2\/media?parent=1592"}],"wp:term":[{"taxonomy":"product_brand","embeddable":true,"href":"https:\/\/shop.tracciatieditore.it\/index.php\/wp-json\/wp\/v2\/product_brand?post=1592"},{"taxonomy":"product_cat","embeddable":true,"href":"https:\/\/shop.tracciatieditore.it\/index.php\/wp-json\/wp\/v2\/product_cat?post=1592"},{"taxonomy":"product_tag","embeddable":true,"href":"https:\/\/shop.tracciatieditore.it\/index.php\/wp-json\/wp\/v2\/product_tag?post=1592"}],"curies":[{"name":"wp","href":"https:\/\/api.w.org\/{rel}","templated":true}]}}