{"id":1892,"date":"2019-12-06T11:05:30","date_gmt":"2019-12-06T10:05:30","guid":{"rendered":"http:\/\/www.tracciati.eu\/tracciatieditore\/?post_type=product&#038;p=1892"},"modified":"2024-11-16T19:20:59","modified_gmt":"2024-11-16T18:20:59","slug":"eccomi-di-alessandro-bottin","status":"publish","type":"product","link":"https:\/\/shop.tracciatieditore.it\/index.php\/prodotto\/eccomi-di-alessandro-bottin\/","title":{"rendered":"Eccomi, di Alessandro Bottin"},"content":{"rendered":"<p><img loading=\"lazy\" decoding=\"async\" class=\"alignright size-medium wp-image-1880\" src=\"http:\/\/www.tracciati.eu\/tracciatieditore\/wp-content\/uploads\/2019\/12\/COP_Eccomi-BR-207x300.jpg\" alt=\"\" width=\"207\" height=\"300\" srcset=\"https:\/\/shop.tracciatieditore.it\/wp-content\/uploads\/2019\/12\/COP_Eccomi-BR-207x300.jpg 207w, https:\/\/shop.tracciatieditore.it\/wp-content\/uploads\/2019\/12\/COP_Eccomi-BR-69x100.jpg 69w, https:\/\/shop.tracciatieditore.it\/wp-content\/uploads\/2019\/12\/COP_Eccomi-BR-320x463.jpg 320w, https:\/\/shop.tracciatieditore.it\/wp-content\/uploads\/2019\/12\/COP_Eccomi-BR-480x695.jpg 480w, https:\/\/shop.tracciatieditore.it\/wp-content\/uploads\/2019\/12\/COP_Eccomi-BR.jpg 685w\" sizes=\"auto, (max-width: 207px) 100vw, 207px\" \/>Alessandro Bottin, 24 anni, \u00e8 affetto da Paralisi cerebrale infantile (Pci) ed \u00e8 costretto a vivere in sedia a rotelle. Ha una grande fede e vorrebbe diventare sacerdote. Nel frattempo si \u00e8 laureato in Scienze religiose all&#8217;Istituto Issr di Padova.<\/p>\n<p>In questo libro ripercorre le principali tappe della sua vita, dalla nascita alla laurea, con le emozioni, le aspettative, le difficolt\u00e0 che incontra nella vita quotidiana.<\/p>\n","protected":false},"excerpt":{"rendered":"<p><strong><span style=\"color: #ff0000;\">\u20ac 15,00<\/span><\/strong><\/p>\n<p><strong>di Alessandro Bottin<\/strong><br \/>\n<strong>in collaborazione con Emiliano Candian<\/strong><\/p>\n","protected":false},"featured_media":1880,"comment_status":"open","ping_status":"closed","template":"","meta":[],"product_brand":[],"product_cat":[217,164],"product_tag":[197],"class_list":{"0":"post-1892","1":"product","2":"type-product","3":"status-publish","4":"has-post-thumbnail","6":"product_cat-i-tralci","7":"product_cat-catalogo","8":"product_tag-bottin-alessandro","9":"archive-loop-container","11":"first","12":"instock","13":"featured","14":"shipping-taxable","15":"purchasable","16":"product-type-simple"},"_links":{"self":[{"href":"https:\/\/shop.tracciatieditore.it\/index.php\/wp-json\/wp\/v2\/product\/1892","targetHints":{"allow":["GET"]}}],"collection":[{"href":"https:\/\/shop.tracciatieditore.it\/index.php\/wp-json\/wp\/v2\/product"}],"about":[{"href":"https:\/\/shop.tracciatieditore.it\/index.php\/wp-json\/wp\/v2\/types\/product"}],"replies":[{"embeddable":true,"href":"https:\/\/shop.tracciatieditore.it\/index.php\/wp-json\/wp\/v2\/comments?post=1892"}],"wp:featuredmedia":[{"embeddable":true,"href":"https:\/\/shop.tracciatieditore.it\/index.php\/wp-json\/wp\/v2\/media\/1880"}],"wp:attachment":[{"href":"https:\/\/shop.tracciatieditore.it\/index.php\/wp-json\/wp\/v2\/media?parent=1892"}],"wp:term":[{"taxonomy":"product_brand","embeddable":true,"href":"https:\/\/shop.tracciatieditore.it\/index.php\/wp-json\/wp\/v2\/product_brand?post=1892"},{"taxonomy":"product_cat","embeddable":true,"href":"https:\/\/shop.tracciatieditore.it\/index.php\/wp-json\/wp\/v2\/product_cat?post=1892"},{"taxonomy":"product_tag","embeddable":true,"href":"https:\/\/shop.tracciatieditore.it\/index.php\/wp-json\/wp\/v2\/product_tag?post=1892"}],"curies":[{"name":"wp","href":"https:\/\/api.w.org\/{rel}","templated":true}]}}