{"id":2060,"date":"2021-04-15T09:45:56","date_gmt":"2021-04-15T07:45:56","guid":{"rendered":"http:\/\/www.tracciati.eu\/tracciatieditore\/?post_type=product&#038;p=2060"},"modified":"2024-11-16T19:20:38","modified_gmt":"2024-11-16T18:20:38","slug":"2060","status":"publish","type":"product","link":"https:\/\/shop.tracciatieditore.it\/index.php\/prodotto\/2060\/","title":{"rendered":"Rita"},"content":{"rendered":"<p>Nella Mantova tra le due guerre, la giovane e ribelle Rita si scontra con pregiudizi e convenzioni, una famiglia tutta al femminile che non la comprende, una madre-maestra che l&#8217;ha cresciuta senza padre e vive di rimpianti e sensi di colpa, una societ\u00e0 bigotta che inneggia al fascismo e dove l\u2019amore sembra concesso solo agli uomini maschi.<\/p>\n<p>Il quinto lavoro di Sante Rodella, quarta opera letteraria cui si \u00e8 aggiunta di recente la biografia dell&#8217;attore e artista Gianni Macchia, come il precedente torna ad attraversare il Novecento da una prospettiva femminile: solo che il palcoscenico non \u00e8 pi\u00f9 un borgo della provincia veneta ma una grande citt\u00e0, dove la nostra &#8220;eroina&#8221; cerca la sua strada nello scontro tra realt\u00e0 e ideali, trovando pace quando e dove pi\u00f9 non se lo aspetta&#8230;<\/p>\n","protected":false},"excerpt":{"rendered":"<p><strong>di Sante Rodella<\/strong><\/p>\n","protected":false},"featured_media":2054,"comment_status":"open","ping_status":"closed","template":"","meta":[],"product_brand":[],"product_cat":[164,249],"product_tag":[131],"class_list":{"0":"post-2060","1":"product","2":"type-product","3":"status-publish","4":"has-post-thumbnail","6":"product_cat-catalogo","7":"product_cat-romanzi-racconti","8":"product_tag-rodella-sante","9":"archive-loop-container","11":"first","12":"instock","13":"shipping-taxable","14":"purchasable","15":"product-type-simple"},"_links":{"self":[{"href":"https:\/\/shop.tracciatieditore.it\/index.php\/wp-json\/wp\/v2\/product\/2060","targetHints":{"allow":["GET"]}}],"collection":[{"href":"https:\/\/shop.tracciatieditore.it\/index.php\/wp-json\/wp\/v2\/product"}],"about":[{"href":"https:\/\/shop.tracciatieditore.it\/index.php\/wp-json\/wp\/v2\/types\/product"}],"replies":[{"embeddable":true,"href":"https:\/\/shop.tracciatieditore.it\/index.php\/wp-json\/wp\/v2\/comments?post=2060"}],"wp:featuredmedia":[{"embeddable":true,"href":"https:\/\/shop.tracciatieditore.it\/index.php\/wp-json\/wp\/v2\/media\/2054"}],"wp:attachment":[{"href":"https:\/\/shop.tracciatieditore.it\/index.php\/wp-json\/wp\/v2\/media?parent=2060"}],"wp:term":[{"taxonomy":"product_brand","embeddable":true,"href":"https:\/\/shop.tracciatieditore.it\/index.php\/wp-json\/wp\/v2\/product_brand?post=2060"},{"taxonomy":"product_cat","embeddable":true,"href":"https:\/\/shop.tracciatieditore.it\/index.php\/wp-json\/wp\/v2\/product_cat?post=2060"},{"taxonomy":"product_tag","embeddable":true,"href":"https:\/\/shop.tracciatieditore.it\/index.php\/wp-json\/wp\/v2\/product_tag?post=2060"}],"curies":[{"name":"wp","href":"https:\/\/api.w.org\/{rel}","templated":true}]}}