{"id":2080,"date":"2021-05-08T06:53:03","date_gmt":"2021-05-08T04:53:03","guid":{"rendered":"http:\/\/www.tracciati.eu\/tracciatieditore\/?post_type=product&#038;p=2080"},"modified":"2024-11-16T19:18:04","modified_gmt":"2024-11-16T18:18:04","slug":"2080","status":"publish","type":"product","link":"https:\/\/shop.tracciatieditore.it\/index.php\/prodotto\/2080\/","title":{"rendered":"Un guanto rivelato"},"content":{"rendered":"<p>&#8220;Alessandra ci sa fare con le parole. Nessun suono strozzato esce dalla sua penna, anzi dalla sua anima. Certo, escono \u201csuoni\u201d che parlano anche di fatica, disagio, timore, dolore\u2026 Forse sono suoni strozzati, ma mai\u2026 suoni senza speranza, prospettiva, futuro. Mai suoni senza amore. Mai senza riferimento alla vita come un capolavoro insuperabile&#8221;.<\/p>\n<p>Descrive cos\u00ec Patrizia Parodi, nella sua introduzione a questa raccolta poetica di Alessandra Sanavio, il fascino e l&#8217;essenza della ricerca dell&#8217;autrice, al suo secondo volume dopo &#8220;Bibi in punta di piedi&#8221;, un diario autobiografico dell&#8217;esperienza di madre che accompagna un figlio piccolo nel doloroso percorso per superare una grave malattia. Un&#8217;esperienza che segna, pi\u00f9 di tutte le altre, ma che qui non \u00e8 protagonista: qui il diario, quasi quotidiano, \u00e8 quello di un&#8217;anima, di una persona, di una donna, che si fa domande e cerca, pi\u00f9 che risposte, altre domande, altre vie di ricerca, altri sentieri di montagna. Perch\u00e9 la risposta c&#8217;\u00e8 gi\u00e0, quel Dio che della vita \u00e8 il \u00abcreatore, l\u2019artista che ha le capacit\u00e0 di rendere viventi immagini sbiadite, persone inespresse, palpiti sospesi, opere incompiute\u00bb.<\/p>\n","protected":false},"excerpt":{"rendered":"<p><strong>di Alessandra Sanavio<\/strong><br \/>\n<em>pag. 160, euro 15,00<\/em><br \/>\n<em>I ediz. maggio 2021<\/em><\/p>\n","protected":false},"featured_media":2081,"comment_status":"open","ping_status":"closed","template":"","meta":[],"product_brand":[],"product_cat":[164,248],"product_tag":[230],"class_list":{"0":"post-2080","1":"product","2":"type-product","3":"status-publish","4":"has-post-thumbnail","6":"product_cat-catalogo","7":"product_cat-tracciati-di-poesia","8":"product_tag-poesia","9":"archive-loop-container","11":"first","12":"instock","13":"shipping-taxable","14":"purchasable","15":"product-type-simple"},"_links":{"self":[{"href":"https:\/\/shop.tracciatieditore.it\/index.php\/wp-json\/wp\/v2\/product\/2080","targetHints":{"allow":["GET"]}}],"collection":[{"href":"https:\/\/shop.tracciatieditore.it\/index.php\/wp-json\/wp\/v2\/product"}],"about":[{"href":"https:\/\/shop.tracciatieditore.it\/index.php\/wp-json\/wp\/v2\/types\/product"}],"replies":[{"embeddable":true,"href":"https:\/\/shop.tracciatieditore.it\/index.php\/wp-json\/wp\/v2\/comments?post=2080"}],"wp:featuredmedia":[{"embeddable":true,"href":"https:\/\/shop.tracciatieditore.it\/index.php\/wp-json\/wp\/v2\/media\/2081"}],"wp:attachment":[{"href":"https:\/\/shop.tracciatieditore.it\/index.php\/wp-json\/wp\/v2\/media?parent=2080"}],"wp:term":[{"taxonomy":"product_brand","embeddable":true,"href":"https:\/\/shop.tracciatieditore.it\/index.php\/wp-json\/wp\/v2\/product_brand?post=2080"},{"taxonomy":"product_cat","embeddable":true,"href":"https:\/\/shop.tracciatieditore.it\/index.php\/wp-json\/wp\/v2\/product_cat?post=2080"},{"taxonomy":"product_tag","embeddable":true,"href":"https:\/\/shop.tracciatieditore.it\/index.php\/wp-json\/wp\/v2\/product_tag?post=2080"}],"curies":[{"name":"wp","href":"https:\/\/api.w.org\/{rel}","templated":true}]}}