{"id":2269,"date":"2023-01-25T18:04:43","date_gmt":"2023-01-25T17:04:43","guid":{"rendered":"https:\/\/www.tracciati.eu\/tracciatieditore\/?post_type=product&#038;p=2269"},"modified":"2024-11-10T17:36:38","modified_gmt":"2024-11-10T16:36:38","slug":"volta-la-carta","status":"publish","type":"product","link":"https:\/\/shop.tracciatieditore.it\/index.php\/prodotto\/volta-la-carta\/","title":{"rendered":"Volta la carta"},"content":{"rendered":"<p>Il giovane Fortunato \u00e8 poco pi\u00f9 che adolescente quando scoppia la guerra. La vita genuina e gli equilibri cui \u00e8 abituato sono spazzati via all\u2019improvviso e occorre adeguarsi in fretta alla nuova realt\u00e0. I suoi fratelli vengono spediti al fronte, cos\u00ec spetta a lui farsi carico delle responsabilit\u00e0 della famiglia, accanto al padre, ma poco dopo lui stesso viene chiamato a partire.<\/p>\n<p>L\u20198 settembre Fortunato viene fatto prigioniero e portato in Germania. \u00c8 giovane, terrorizzato, ma non abbastanza da piegarsi al volere di Mussolini e, quando gli viene chiesto di aggregarsi alle truppe del Duce, risponde con un deciso \u201cNo!\u201d<br \/>\nLa conseguenza \u00e8 venire condotto all\u2019esperienza pi\u00f9 disumana che la storia dell\u2019uomo abbia mai visto: i lavori forzati e i campi di concentramento. Vi passer\u00e0 due anni d\u2019inferno.<\/p>\n<p>Questo volume, curato dalla figlia Domenica De Pin, raccoglie le sue memorie di prigionia.<\/p>\n","protected":false},"excerpt":{"rendered":"<h2><strong>Volta la carta<\/strong><\/h2>\n<p><strong>La vita di Fortunato De Pin dai campi di grano ai campi di concentramento<\/strong><\/p>\n<p>di Fortunato De Pin<\/p>\n","protected":false},"featured_media":2270,"comment_status":"open","ping_status":"closed","template":"","meta":[],"product_brand":[],"product_cat":[164,229,195],"product_tag":[212],"class_list":{"0":"post-2269","1":"product","2":"type-product","3":"status-publish","4":"has-post-thumbnail","6":"product_cat-catalogo","7":"product_cat-la-storia-i-m-i","8":"product_cat-la-storia","9":"product_tag-imi","10":"archive-loop-container","12":"first","13":"instock","14":"shipping-taxable","15":"purchasable","16":"product-type-simple"},"_links":{"self":[{"href":"https:\/\/shop.tracciatieditore.it\/index.php\/wp-json\/wp\/v2\/product\/2269","targetHints":{"allow":["GET"]}}],"collection":[{"href":"https:\/\/shop.tracciatieditore.it\/index.php\/wp-json\/wp\/v2\/product"}],"about":[{"href":"https:\/\/shop.tracciatieditore.it\/index.php\/wp-json\/wp\/v2\/types\/product"}],"replies":[{"embeddable":true,"href":"https:\/\/shop.tracciatieditore.it\/index.php\/wp-json\/wp\/v2\/comments?post=2269"}],"wp:featuredmedia":[{"embeddable":true,"href":"https:\/\/shop.tracciatieditore.it\/index.php\/wp-json\/wp\/v2\/media\/2270"}],"wp:attachment":[{"href":"https:\/\/shop.tracciatieditore.it\/index.php\/wp-json\/wp\/v2\/media?parent=2269"}],"wp:term":[{"taxonomy":"product_brand","embeddable":true,"href":"https:\/\/shop.tracciatieditore.it\/index.php\/wp-json\/wp\/v2\/product_brand?post=2269"},{"taxonomy":"product_cat","embeddable":true,"href":"https:\/\/shop.tracciatieditore.it\/index.php\/wp-json\/wp\/v2\/product_cat?post=2269"},{"taxonomy":"product_tag","embeddable":true,"href":"https:\/\/shop.tracciatieditore.it\/index.php\/wp-json\/wp\/v2\/product_tag?post=2269"}],"curies":[{"name":"wp","href":"https:\/\/api.w.org\/{rel}","templated":true}]}}