{"id":2441,"date":"2025-05-23T10:40:09","date_gmt":"2025-05-23T08:40:09","guid":{"rendered":"https:\/\/shop.tracciatieditore.it\/?post_type=product&#038;p=2441"},"modified":"2025-07-13T15:37:38","modified_gmt":"2025-07-13T13:37:38","slug":"il-naviglio-sepolto-di-padova","status":"publish","type":"product","link":"https:\/\/shop.tracciatieditore.it\/index.php\/prodotto\/il-naviglio-sepolto-di-padova\/","title":{"rendered":"Il Naviglio sepolto di Padova"},"content":{"rendered":"<p>\u201cLo sfregio a Padova citt\u00e0 d\u2019acque \u00e8 ancora l\u00ec, ed \u00e8 purtroppo irreversibile\u201d, scrive l\u2019assessore alla Cultura del Comune di Padova, Andrea Colasio, nella sua introduzione al volume. E prosegue: \u201cCome dire: con l\u2019interramento si \u00e8 ridefinita in profondit\u00e0 la stessa identit\u00e0 urbana, la si \u00e8 sacrificata ad una insana e per molti versi ingenua idea di sviluppo\u201d.<\/p>\n<p>Pietro Casetta, colto quanto appassionato autore di questo volume, ricalca la dose rivelando come la citt\u00e0 non abbia ancora \u201celaborato\u201d il lutto della perdita per \u201ctombinamento\u201d del suo Naviglio interno, avvenuta dopo la met\u00e0 del secolo scorso. Convinto che ora non sia pi\u00f9 il momento di camminare lungo le ex riviere chiudendo gli occhi per non pensare allo scempio realizzato, invita a seguirlo in un percorso dettagliato e documentatissimo per osservare e conoscere ci\u00f2 che si \u00e8 salvato, ci\u00f2 che \u00e8 stato realizzato, per \u201ccomprendere il valore, o condannare lo squallore, del <em>Naviglio sepolto<\/em>\u201c.<\/p>\n","protected":false},"excerpt":{"rendered":"<p><strong>di Pietro Casetta<\/strong><\/p>\n<p><em>Anno 2025, Euro 24,00<\/em><\/p>\n","protected":false},"featured_media":2443,"comment_status":"open","ping_status":"closed","template":"","meta":[],"product_brand":[],"product_cat":[164,247],"product_tag":[],"class_list":{"0":"post-2441","1":"product","2":"type-product","3":"status-publish","4":"has-post-thumbnail","6":"product_cat-catalogo","7":"product_cat-territorioturismo","8":"archive-loop-container","10":"first","11":"instock","12":"sale","13":"shipping-taxable","14":"purchasable","15":"product-type-simple"},"_links":{"self":[{"href":"https:\/\/shop.tracciatieditore.it\/index.php\/wp-json\/wp\/v2\/product\/2441","targetHints":{"allow":["GET"]}}],"collection":[{"href":"https:\/\/shop.tracciatieditore.it\/index.php\/wp-json\/wp\/v2\/product"}],"about":[{"href":"https:\/\/shop.tracciatieditore.it\/index.php\/wp-json\/wp\/v2\/types\/product"}],"replies":[{"embeddable":true,"href":"https:\/\/shop.tracciatieditore.it\/index.php\/wp-json\/wp\/v2\/comments?post=2441"}],"wp:featuredmedia":[{"embeddable":true,"href":"https:\/\/shop.tracciatieditore.it\/index.php\/wp-json\/wp\/v2\/media\/2443"}],"wp:attachment":[{"href":"https:\/\/shop.tracciatieditore.it\/index.php\/wp-json\/wp\/v2\/media?parent=2441"}],"wp:term":[{"taxonomy":"product_brand","embeddable":true,"href":"https:\/\/shop.tracciatieditore.it\/index.php\/wp-json\/wp\/v2\/product_brand?post=2441"},{"taxonomy":"product_cat","embeddable":true,"href":"https:\/\/shop.tracciatieditore.it\/index.php\/wp-json\/wp\/v2\/product_cat?post=2441"},{"taxonomy":"product_tag","embeddable":true,"href":"https:\/\/shop.tracciatieditore.it\/index.php\/wp-json\/wp\/v2\/product_tag?post=2441"}],"curies":[{"name":"wp","href":"https:\/\/api.w.org\/{rel}","templated":true}]}}