{"id":2454,"date":"2025-06-25T07:13:19","date_gmt":"2025-06-25T05:13:19","guid":{"rendered":"https:\/\/shop.tracciatieditore.it\/?post_type=product&#038;p=2454"},"modified":"2025-07-31T03:22:38","modified_gmt":"2025-07-31T01:22:38","slug":"tranquillo-bianchi-il-console-italiano-di-malaga","status":"publish","type":"product","link":"https:\/\/shop.tracciatieditore.it\/index.php\/prodotto\/tranquillo-bianchi-il-console-italiano-di-malaga\/","title":{"rendered":"Tranquillo Bianchi, il Console italiano di Malaga"},"content":{"rendered":"<p>Nel 1991 un pittore spagnolo, Antonio Olea P\u00e9rez, decide di scrivere per un concorso letterario un racconto ambientato nel periodo della guerra civile spagnola. Inizia quindi a ricercare informazioni sulla morte di uno zio, fucilato a Malaga durante il conflitto. Per ben due volte, scopre, la sua esecuzione non ebbe luogo a causa dell\u2019intervento di un misterioso personaggio, un console italiano, che gli salv\u00f2 la vita: la terza volta la fucilazione fu anticipata e il console arriv\u00f2 troppo tardi. Quell\u2019uomo si chiamava Tranquillo Bianchi. Ma chi era, costui, realmente?<\/p>\n<p><img loading=\"lazy\" decoding=\"async\" class=\" wp-image-2615 alignleft\" src=\"https:\/\/www.tracciatieditore.it\/wp-content\/uploads\/2025\/06\/COP-BIANCHI-web-218x300.jpg\" alt=\"\" width=\"157\" height=\"216\" \/>Inizia cos\u00ec, quasi per caso, una straordinaria quanto appassionata ricerca attraverso documenti storici e la raccolta di testimonianze, che ha portato l\u2019autore alla riscoperta di una figura storica al di fuori di ogni schema, inspiegabilmente dimenticata sia in patria che in Spagna, dove visse un ruolo cruciale per la citt\u00e0 di Malaga durante la guerra civile, in particolar modo salvando dalla morte centinaia di persone di entrambe le fazioni, sfruttando la sua posizione privilegiata e la rete di contatti altolocati che arrivava fino al generale Queipo de Llano, Ispettore Generale dell\u2019Esercito durante la Repubblica e passato poi dalla parte degli insorti. Allontanato da Malaga, dopo avere scelto di rimanere fedele al re in seguito all\u2019armistizio del 1943, scampato fortunosamente alla prigionia, termin\u00f2 la sua vita quasi in povert\u00e0 nel 1964, in Argentina, come console onorario nella Provincia di Buenos Aires.<\/p>\n<p>Il volume, pubblicato in Spagna nel 2018 e ora edito in Italia da Tracciati in edizione riveduta grazie alla collaborazione con UNUCI Spagna (Associazione Nazionale Ufficiali in Congedo d\u2019Italia), si compone di tre parti: il racconto in prima persona da parte dell\u2019autore delle sue ricerche, da Malaga fino all\u2019incontro in Argentina con la figlia del console, Tranquilla Bianchi detta \u201cLila\u201d; le memorie biografiche sulla vita del padre scritte dalla stessa Tranquilla; alcune pagine dei quaderni di appunti di Tranquillo Bianchi commentate dall\u2019autore Olea P\u00e9rez.<\/p>\n<p><img loading=\"lazy\" decoding=\"async\" class=\"alignright size-medium wp-image-2617\" src=\"https:\/\/www.tracciatieditore.it\/wp-content\/uploads\/2025\/06\/Olea_Lila-web-236x300.jpg\" alt=\"\" width=\"236\" height=\"300\" \/>Il volume edito non \u00e8 quindi n\u00e9 un romanzo e nemmeno un saggio. Ma forse \u00e8 entrambi. Vi possiamo seguire la storia di una appassionata ricerca, ma anche ripercorrere le tappe di una vita avventurosa, le elevate virt\u00f9 assieme alle umane debolezze, di una persona unica e fino ad ora ingiustamente dimenticata.<\/p>\n<p><strong>L&#8217;autore<\/strong><br \/>\n<em>Antonio Olea P\u00e9rez \u00e8 nato a Malaga nel 1958, ha praticato la pittura a pastello da molto giovane fino al momento in cui la lasci\u00f2 dopo circa 30 anni per dedicarsi all\u2019indagine storica sulla vita di Tranquillo Bianchi. Nel 2016 ha pubblicato dei poemi insieme ad altri dodici poeti spagnoli nel libro n. 7 di \u201cReflejos\u201d (editrice Pagine), e vari componimenti selezionati in concorsi di poesia e microletteratura.<\/em><\/p>\n","protected":false},"excerpt":{"rendered":"<p><strong>di Antonio Olea P\u00e9rez<\/strong><br \/>\n<em>2025 &#8211; Pag. 384, Euro 24,00<\/em><\/p>\n<p>Fino al 15 luglio sconto 10% e spedizione gratuita!<\/p>\n","protected":false},"featured_media":2455,"comment_status":"open","ping_status":"closed","template":"","meta":[],"product_brand":[],"product_cat":[164,195],"product_tag":[252,253],"class_list":{"0":"post-2454","1":"product","2":"type-product","3":"status-publish","4":"has-post-thumbnail","6":"product_cat-catalogo","7":"product_cat-la-storia","8":"product_tag-malaga","9":"product_tag-tranquillo-bianchi","10":"archive-loop-container","12":"first","13":"instock","14":"shipping-taxable","15":"purchasable","16":"product-type-simple"},"_links":{"self":[{"href":"https:\/\/shop.tracciatieditore.it\/index.php\/wp-json\/wp\/v2\/product\/2454","targetHints":{"allow":["GET"]}}],"collection":[{"href":"https:\/\/shop.tracciatieditore.it\/index.php\/wp-json\/wp\/v2\/product"}],"about":[{"href":"https:\/\/shop.tracciatieditore.it\/index.php\/wp-json\/wp\/v2\/types\/product"}],"replies":[{"embeddable":true,"href":"https:\/\/shop.tracciatieditore.it\/index.php\/wp-json\/wp\/v2\/comments?post=2454"}],"wp:featuredmedia":[{"embeddable":true,"href":"https:\/\/shop.tracciatieditore.it\/index.php\/wp-json\/wp\/v2\/media\/2455"}],"wp:attachment":[{"href":"https:\/\/shop.tracciatieditore.it\/index.php\/wp-json\/wp\/v2\/media?parent=2454"}],"wp:term":[{"taxonomy":"product_brand","embeddable":true,"href":"https:\/\/shop.tracciatieditore.it\/index.php\/wp-json\/wp\/v2\/product_brand?post=2454"},{"taxonomy":"product_cat","embeddable":true,"href":"https:\/\/shop.tracciatieditore.it\/index.php\/wp-json\/wp\/v2\/product_cat?post=2454"},{"taxonomy":"product_tag","embeddable":true,"href":"https:\/\/shop.tracciatieditore.it\/index.php\/wp-json\/wp\/v2\/product_tag?post=2454"}],"curies":[{"name":"wp","href":"https:\/\/api.w.org\/{rel}","templated":true}]}}