{"id":2463,"date":"2025-07-13T15:19:58","date_gmt":"2025-07-13T13:19:58","guid":{"rendered":"https:\/\/shop.tracciatieditore.it\/?post_type=product&#038;p=2463"},"modified":"2025-07-18T23:30:52","modified_gmt":"2025-07-18T21:30:52","slug":"aforismario","status":"publish","type":"product","link":"https:\/\/shop.tracciatieditore.it\/index.php\/prodotto\/aforismario\/","title":{"rendered":"Aforismario"},"content":{"rendered":"<p>L\u2019autrice li chiama aforismi, ma forse sono \u201cpensieri che hanno lasciato una traccia nella sua memoria\u201d (Alessandro Fort), eco di ricordi trasformati in parole, \u201cversi in boccio e detti gnomici\u201d (Riccardo Bertolotti). Lettera dopo lettera, scopriamo che possiamo farli nostri, e aggiungerne altri: perch\u00e9 ognuno ha il proprio aforismario; e non \u00e8 fisso, unico: cresce, si arricchisce, si imparenta. E alla fine \u00e8 un caleidoscopio che, magicamente, ricompone un\u2019immagine, quella interiore e quella universale, e d\u00e0 forma a istantanee che, accostate tra loro, svelano di noi di pi\u00f9 di quello che vorremmo.<\/p>\n","protected":false},"excerpt":{"rendered":"<p><span style=\"color: #993300;\"><strong><span style=\"color: #993300;\">Pensieri sparsi in detti gnomici<\/span><\/strong><\/span><br \/>\ndi Michela Manente<br \/>\n<em>pag. 112, 2025<\/em><\/p>\n<p>&nbsp;<\/p>\n","protected":false},"featured_media":2464,"comment_status":"open","ping_status":"closed","template":"","meta":[],"product_brand":[],"product_cat":[164,248],"product_tag":[],"class_list":{"0":"post-2463","1":"product","2":"type-product","3":"status-publish","4":"has-post-thumbnail","6":"product_cat-catalogo","7":"product_cat-tracciati-di-poesia","8":"archive-loop-container","10":"first","11":"instock","12":"shipping-taxable","13":"purchasable","14":"product-type-simple"},"_links":{"self":[{"href":"https:\/\/shop.tracciatieditore.it\/index.php\/wp-json\/wp\/v2\/product\/2463","targetHints":{"allow":["GET"]}}],"collection":[{"href":"https:\/\/shop.tracciatieditore.it\/index.php\/wp-json\/wp\/v2\/product"}],"about":[{"href":"https:\/\/shop.tracciatieditore.it\/index.php\/wp-json\/wp\/v2\/types\/product"}],"replies":[{"embeddable":true,"href":"https:\/\/shop.tracciatieditore.it\/index.php\/wp-json\/wp\/v2\/comments?post=2463"}],"wp:featuredmedia":[{"embeddable":true,"href":"https:\/\/shop.tracciatieditore.it\/index.php\/wp-json\/wp\/v2\/media\/2464"}],"wp:attachment":[{"href":"https:\/\/shop.tracciatieditore.it\/index.php\/wp-json\/wp\/v2\/media?parent=2463"}],"wp:term":[{"taxonomy":"product_brand","embeddable":true,"href":"https:\/\/shop.tracciatieditore.it\/index.php\/wp-json\/wp\/v2\/product_brand?post=2463"},{"taxonomy":"product_cat","embeddable":true,"href":"https:\/\/shop.tracciatieditore.it\/index.php\/wp-json\/wp\/v2\/product_cat?post=2463"},{"taxonomy":"product_tag","embeddable":true,"href":"https:\/\/shop.tracciatieditore.it\/index.php\/wp-json\/wp\/v2\/product_tag?post=2463"}],"curies":[{"name":"wp","href":"https:\/\/api.w.org\/{rel}","templated":true}]}}